{"id":10901,"date":"2024-03-07T11:17:53","date_gmt":"2024-03-07T11:17:53","guid":{"rendered":"https:\/\/motochargebar.com\/product\/fork-stem-d22-d26-2\/"},"modified":"2024-10-08T13:57:00","modified_gmt":"2024-10-08T13:57:00","slug":"lenkmittelachse-d22-d26","status":"publish","type":"product","link":"https:\/\/motochargebar.com\/de\/product\/lenkmittelachse-d22-d26\/","title":{"rendered":"Lenkmittelachse D22-D26"},"content":{"rendered":"<div class=\"wpb-content-wrapper\"><p>[vc_row][vc_column][vc_column_text woodmart_inline=&#8220;no&#8220; text_larger=&#8220;no&#8220;]<a href=\"https:\/\/motochargebar.com\/wp-content\/uploads\/2024\/03\/MotochargeBar-MCC-106-8_DE.pdf\">Benutzerhandbuch MCC-106,MCC-107,MCC-108 pdf<\/a>[\/vc_column_text][\/vc_column][\/vc_row]<\/p>\n<\/div>","protected":false},"excerpt":{"rendered":"<p>Die Lenkachsen Konsole wurde f\u00fcr Motorr\u00e4der entwickelt, wokein oder nur wenig Platz am Lenkrad f\u00fcr die Befestigung vorliegt. Innere Durchmesser  22- 26 mm.<\/p>\n","protected":false},"featured_media":10658,"comment_status":"open","ping_status":"closed","template":"","meta":[],"product_brand":[],"product_cat":[82],"product_tag":[],"class_list":{"0":"post-10901","1":"product","2":"type-product","3":"status-publish","4":"has-post-thumbnail","6":"product_cat-consoles-de","8":"first","9":"instock","10":"taxable","11":"shipping-taxable","12":"purchasable","13":"product-type-simple"},"_links":{"self":[{"href":"https:\/\/motochargebar.com\/de\/wp-json\/wp\/v2\/product\/10901"}],"collection":[{"href":"https:\/\/motochargebar.com\/de\/wp-json\/wp\/v2\/product"}],"about":[{"href":"https:\/\/motochargebar.com\/de\/wp-json\/wp\/v2\/types\/product"}],"replies":[{"embeddable":true,"href":"https:\/\/motochargebar.com\/de\/wp-json\/wp\/v2\/comments?post=10901"}],"version-history":[{"count":1,"href":"https:\/\/motochargebar.com\/de\/wp-json\/wp\/v2\/product\/10901\/revisions"}],"predecessor-version":[{"id":10904,"href":"https:\/\/motochargebar.com\/de\/wp-json\/wp\/v2\/product\/10901\/revisions\/10904"}],"wp:featuredmedia":[{"embeddable":true,"href":"https:\/\/motochargebar.com\/de\/wp-json\/wp\/v2\/media\/10658"}],"wp:attachment":[{"href":"https:\/\/motochargebar.com\/de\/wp-json\/wp\/v2\/media?parent=10901"}],"wp:term":[{"taxonomy":"product_brand","embeddable":true,"href":"https:\/\/motochargebar.com\/de\/wp-json\/wp\/v2\/product_brand?post=10901"},{"taxonomy":"product_cat","embeddable":true,"href":"https:\/\/motochargebar.com\/de\/wp-json\/wp\/v2\/product_cat?post=10901"},{"taxonomy":"product_tag","embeddable":true,"href":"https:\/\/motochargebar.com\/de\/wp-json\/wp\/v2\/product_tag?post=10901"}],"curies":[{"name":"wp","href":"https:\/\/api.w.org\/{rel}","templated":true}]}}