{"id":10917,"date":"2024-02-15T11:55:18","date_gmt":"2024-02-15T11:55:18","guid":{"rendered":"https:\/\/motochargebar.com\/product\/holding-bracket\/"},"modified":"2024-10-29T08:24:22","modified_gmt":"2024-10-29T08:24:22","slug":"haltebuegel","status":"publish","type":"product","link":"https:\/\/motochargebar.com\/de\/product\/haltebuegel\/","title":{"rendered":"Halteb\u00fcgel"},"content":{"rendered":"<p>[vc_row][vc_column][vc_column_text woodmart_inline=&#8220;no&#8220; text_larger=&#8220;no&#8220;]Wenn die L\u00e4nge des neuen Handys mit dem \u00e4lteren \u00fcbereinstimmt und beide unter oder \u00fcber 158 mm sind, k\u00f6nnen Sie<br \/>\neinfach die Endplatten anpassen, falls diese zu kurz oder zu lang erscheint!<br \/>\nDazu m\u00fcssen Sie lediglich vier Schrauben l\u00f6sen und anziehen, um Ihr neues Handy sicher und passgenau zu befestigen.<br \/>\nWenn sich Ihr Handy jedoch auch in der L\u00e4nge ma\u00dfgeblich vergr\u00f6\u00dfert oder verkleinert hat und die 158 mm L\u00e4ngenmarke<br \/>\ndie Ger\u00e4te trennt, sollten Sie am besten eine neue, passende Gr\u00f6\u00dfe kaufen, da sich eine Umr\u00fcstung nicht mehr lohnt.[\/vc_column_text][\/vc_column][\/vc_row]<\/p>\n","protected":false},"excerpt":{"rendered":"<p>Mit diesem Halteb\u00fcgel k\u00f6nnen Sie Ihren Halter bei einem Telefonwechsel einfach an das neue Ger\u00e4t anpassen.<\/p>\n<p><a href=\"https:\/\/motochargebar.com\/de\/phone-selector\/\">Handy Auswahl<\/a><\/p>\n","protected":false},"featured_media":10641,"comment_status":"open","ping_status":"closed","template":"","meta":[],"product_brand":[],"product_cat":[21],"product_tag":[],"class_list":{"0":"post-10917","1":"product","2":"type-product","3":"status-publish","4":"has-post-thumbnail","6":"product_cat-accessories","8":"first","9":"instock","10":"taxable","11":"shipping-taxable","12":"purchasable","13":"product-type-variable"},"_links":{"self":[{"href":"https:\/\/motochargebar.com\/de\/wp-json\/wp\/v2\/product\/10917"}],"collection":[{"href":"https:\/\/motochargebar.com\/de\/wp-json\/wp\/v2\/product"}],"about":[{"href":"https:\/\/motochargebar.com\/de\/wp-json\/wp\/v2\/types\/product"}],"replies":[{"embeddable":true,"href":"https:\/\/motochargebar.com\/de\/wp-json\/wp\/v2\/comments?post=10917"}],"version-history":[{"count":0,"href":"https:\/\/motochargebar.com\/de\/wp-json\/wp\/v2\/product\/10917\/revisions"}],"wp:featuredmedia":[{"embeddable":true,"href":"https:\/\/motochargebar.com\/de\/wp-json\/wp\/v2\/media\/10641"}],"wp:attachment":[{"href":"https:\/\/motochargebar.com\/de\/wp-json\/wp\/v2\/media?parent=10917"}],"wp:term":[{"taxonomy":"product_brand","embeddable":true,"href":"https:\/\/motochargebar.com\/de\/wp-json\/wp\/v2\/product_brand?post=10917"},{"taxonomy":"product_cat","embeddable":true,"href":"https:\/\/motochargebar.com\/de\/wp-json\/wp\/v2\/product_cat?post=10917"},{"taxonomy":"product_tag","embeddable":true,"href":"https:\/\/motochargebar.com\/de\/wp-json\/wp\/v2\/product_tag?post=10917"}],"curies":[{"name":"wp","href":"https:\/\/api.w.org\/{rel}","templated":true}]}}