{"id":10994,"date":"2024-01-10T12:55:10","date_gmt":"2024-01-10T12:55:10","guid":{"rendered":"https:\/\/motochargebar.com\/product\/vibration-absorbing-adapter-gopro-holder\/"},"modified":"2024-11-07T12:31:06","modified_gmt":"2024-11-07T12:31:06","slug":"vibration-absorbing-adapter-gopro-holder","status":"publish","type":"product","link":"https:\/\/motochargebar.com\/de\/product\/vibration-absorbing-adapter-gopro-holder\/","title":{"rendered":"Vibrationsd\u00e4mpfender Adapter GoPro Halter"},"content":{"rendered":"<div class=\"wpb-content-wrapper\"><p>[vc_row][vc_column][vc_column_text woodmart_inline=&#8220;no&#8220; text_larger=&#8220;no&#8220;]W\u00fcrden Sie Ihre Motorradfahrten mit einer GoPro oder Action-Kamera aufnehmen? In diesem Kit finden Sie alles, was Sie brauchen, um gro\u00dfartige Aufnahmen zu machen. Sie k\u00f6nnen Ihre Kamera in drei verschiedenen Achsen bewegen und einstellen. Sie k\u00f6nnen auch die im Paket enthaltenen Konsolen mit den bei uns erworbenen Ladeger\u00e4ten und Handyhaltern verwenden. <strong>Massive Struktur<\/strong><br \/>\nAus Aluminium und rostfreiem Stahl gefertigt, ist diese Struktur sehr robust. Empfohlen f\u00fcr alle, die ihr K\u00f6nnen in anspruchsvollen Umgebungen unter Beweis stellen m\u00f6chten. <strong>Immer in optimaler Position<\/strong><br \/>\nDieses Montagesystem wurde entwickelt, um Ihnen die Freiheit zu geben, Ihre GoPro Kamera in jeder beliebigen Position aufzustellen, um Ihre Fahrten perfekt zu dokumentieren! Sie werden immer die optimale Position finden, denn Ihre Kamera kann auf drei verschiedenen Achsen bewegt und arretiert werden. <strong>Kein Wackeln mehr<\/strong><br \/>\nDie Halterung ist sowohl mit einem Sto\u00dfd\u00e4mpfer als auch mit einem Schockabsorber ausgestattet. Keine unscharfen, verschwommenen Bilder mehr! <strong>Es stehen f\u00fcnf verschiedene Montagem\u00f6glichkeiten zur Verf\u00fcgung<\/strong><br \/>\nDie Halterung ist so konzipiert, dass Sie sie mit der passenden Halterung am Lenker, am Bremsbeh\u00e4lter, am R\u00fcckspiegel, am Lenkergriff und in der Lenkermitte befestigen k\u00f6nnen. Wenn Sie Ihre Handyhalterung bei uns gekauft haben, k\u00f6nnen Sie die Konsolen daf\u00fcr verwenden. <strong>Paketinhalt<\/strong><br \/>\nDieses Paket enth\u00e4lt die GoPro\/Actionkamera-Halterung mit Sto\u00dfd\u00e4mpfer, eine Spiegelhalterung, eine Lenkerhalterung, eine Halterung f\u00fcr den Kupplungs-\/Bremshebel, eine Halterung f\u00fcr den Bremsbeh\u00e4lter und einen Reduzieradapter f\u00fcr den D12 mm Ger\u00e4tetr\u00e4ger sowie die Anleitung[\/vc_column_text][\/vc_column][\/vc_row]<\/p>\n<\/div>","protected":false},"excerpt":{"rendered":"<p>Viele Motorradfahrer haben eine Action-Kamera. Wir bieten ein Montagesystem an, das es erm\u00f6glicht, eine optimale Position zu finden, denn<br \/>\n&#8211; 4 verschiedene Halterungen<br \/>\n&#8211; beweglich und arretierbar in drei verschiedenen Achsen,<br \/>\n&#8211; die Kamera kann um 360\u00b0 gedreht werden<br \/>\n&#8211; hat einen Sto\u00df- und Vibrationsd\u00e4mpfer<br \/>\n&#8211; aus Aluminium und Stahl f\u00fcr wirklich raue Umgebungen <\/p>\n","protected":false},"featured_media":10600,"comment_status":"open","ping_status":"closed","template":"","meta":[],"product_brand":[],"product_cat":[],"product_tag":[],"class_list":{"0":"post-10994","1":"product","2":"type-product","3":"status-publish","4":"has-post-thumbnail","7":"first","8":"instock","9":"taxable","10":"shipping-taxable","11":"purchasable","12":"product-type-simple"},"_links":{"self":[{"href":"https:\/\/motochargebar.com\/de\/wp-json\/wp\/v2\/product\/10994"}],"collection":[{"href":"https:\/\/motochargebar.com\/de\/wp-json\/wp\/v2\/product"}],"about":[{"href":"https:\/\/motochargebar.com\/de\/wp-json\/wp\/v2\/types\/product"}],"replies":[{"embeddable":true,"href":"https:\/\/motochargebar.com\/de\/wp-json\/wp\/v2\/comments?post=10994"}],"version-history":[{"count":0,"href":"https:\/\/motochargebar.com\/de\/wp-json\/wp\/v2\/product\/10994\/revisions"}],"wp:featuredmedia":[{"embeddable":true,"href":"https:\/\/motochargebar.com\/de\/wp-json\/wp\/v2\/media\/10600"}],"wp:attachment":[{"href":"https:\/\/motochargebar.com\/de\/wp-json\/wp\/v2\/media?parent=10994"}],"wp:term":[{"taxonomy":"product_brand","embeddable":true,"href":"https:\/\/motochargebar.com\/de\/wp-json\/wp\/v2\/product_brand?post=10994"},{"taxonomy":"product_cat","embeddable":true,"href":"https:\/\/motochargebar.com\/de\/wp-json\/wp\/v2\/product_cat?post=10994"},{"taxonomy":"product_tag","embeddable":true,"href":"https:\/\/motochargebar.com\/de\/wp-json\/wp\/v2\/product_tag?post=10994"}],"curies":[{"name":"wp","href":"https:\/\/api.w.org\/{rel}","templated":true}]}}