{"id":10995,"date":"2024-01-10T12:55:10","date_gmt":"2024-01-10T12:55:10","guid":{"rendered":"https:\/\/motochargebar.com\/product\/vibration-absorbing-adapter-gopro-holder\/"},"modified":"2024-11-07T12:32:12","modified_gmt":"2024-11-07T12:32:12","slug":"vibration-absorbing-adapter-gopro-holder","status":"publish","type":"product","link":"https:\/\/motochargebar.com\/it\/product\/vibration-absorbing-adapter-gopro-holder\/","title":{"rendered":"Adattatore antivibrazioni supporto GoPro"},"content":{"rendered":"<p>[vc_row][vc_column][vc_column_text woodmart_inline=&#8221;no&#8221; text_larger=&#8221;no&#8221;]Vorresti registrare i tuoi giri in moto con una GoPro o una action camera? In questo kit troverai tutto ci\u00f2 che ti serve per fare ottime riprese. Puoi spostare e regolare la videocamera su tre assi diversi. Puoi anche utilizzare le console incluse nella confezione con i caricabatterie e i portacellulari acquistati da noi. <strong>Struttura massiccia<\/strong><br \/>\nRealizzata in alluminio e acciaio inossidabile, questa struttura \u00e8 molto robusta. \u00c8 consigliata a tutti coloro che vogliono dimostrare le proprie abilit\u00e0 in ambienti difficili. <strong>Sempre in posizione ottimale<\/strong><br \/>\nQuesto sistema di montaggio \u00e8 stato progettato per darti la libert\u00e0 di posizionare la tua videocamera GoPro in qualsiasi posizione per documentare perfettamente le tue corse! Troverai sempre la posizione ottimale perch\u00e9 la videocamera pu\u00f2 essere spostata e bloccata su tre assi diversi. <strong>Niente pi\u00f9 oscillazioni<\/strong><br \/>\nIl supporto \u00e8 dotato sia di un ammortizzatore che di un ammortizzatore. Niente pi\u00f9 immagini sfocate e mosse! <strong>Sono disponibili cinque diverse opzioni di installazione<\/strong><br \/>\nIl supporto \u00e8 progettato in modo da poterlo fissare al manubrio, al serbatoio del freno, allo specchietto retrovisore, all&#8217;impugnatura del manubrio e al centro del manubrio con l&#8217;apposito supporto. Se hai acquistato il supporto per cellulare da noi, puoi utilizzare le console per esso. <strong>Contenuto della confezione<\/strong><br \/>\nQuesta confezione contiene il supporto per GoPro\/action camera con ammortizzatore, un supporto per lo specchietto, un supporto per il manubrio, un supporto per la leva della frizione\/freno, un supporto per il serbatoio del freno e un adattatore riduttore per il porta-attrezzi D12 mm, oltre alle istruzioni.[\/vc_column_text][\/vc_column][\/vc_row]<\/p>\n","protected":false},"excerpt":{"rendered":"<p>Molti motociclisti hanno una action camera. Noi offriamo un sistema di montaggio che permette di trovare una posizione ottimale perch\u00e9<br \/>\n&#8211; 4 diverse staffe di montaggio<br \/>\n&#8211; spostabili e bloccabili su tre assi diversi,<br \/>\n&#8211; la videocamera pu\u00f2 essere ruotata di 360\u00b0<br \/>\n&#8211; \u00e8 dotata di un assorbitore di urti e vibrazioni<br \/>\n&#8211; realizzata in alluminio e acciaio per ambienti davvero difficili <\/p>\n","protected":false},"featured_media":10996,"comment_status":"open","ping_status":"closed","template":"","meta":[],"product_brand":[],"product_cat":[117],"product_tag":[],"class_list":{"0":"post-10995","1":"product","2":"type-product","3":"status-publish","4":"has-post-thumbnail","6":"product_cat-matching-products-it","8":"first","9":"instock","10":"taxable","11":"shipping-taxable","12":"purchasable","13":"product-type-simple"},"_links":{"self":[{"href":"https:\/\/motochargebar.com\/it\/wp-json\/wp\/v2\/product\/10995"}],"collection":[{"href":"https:\/\/motochargebar.com\/it\/wp-json\/wp\/v2\/product"}],"about":[{"href":"https:\/\/motochargebar.com\/it\/wp-json\/wp\/v2\/types\/product"}],"replies":[{"embeddable":true,"href":"https:\/\/motochargebar.com\/it\/wp-json\/wp\/v2\/comments?post=10995"}],"version-history":[{"count":0,"href":"https:\/\/motochargebar.com\/it\/wp-json\/wp\/v2\/product\/10995\/revisions"}],"wp:featuredmedia":[{"embeddable":true,"href":"https:\/\/motochargebar.com\/it\/wp-json\/wp\/v2\/media\/10996"}],"wp:attachment":[{"href":"https:\/\/motochargebar.com\/it\/wp-json\/wp\/v2\/media?parent=10995"}],"wp:term":[{"taxonomy":"product_brand","embeddable":true,"href":"https:\/\/motochargebar.com\/it\/wp-json\/wp\/v2\/product_brand?post=10995"},{"taxonomy":"product_cat","embeddable":true,"href":"https:\/\/motochargebar.com\/it\/wp-json\/wp\/v2\/product_cat?post=10995"},{"taxonomy":"product_tag","embeddable":true,"href":"https:\/\/motochargebar.com\/it\/wp-json\/wp\/v2\/product_tag?post=10995"}],"curies":[{"name":"wp","href":"https:\/\/api.w.org\/{rel}","templated":true}]}}